{"id":7,"date":"2025-09-15T09:02:11","date_gmt":"2025-09-15T09:02:11","guid":{"rendered":"http:\/\/depauwp.nodo10.informaxdns.es\/?page_id=7"},"modified":"2025-09-15T09:02:11","modified_gmt":"2025-09-15T09:02:11","slug":"cart","status":"publish","type":"page","link":"https:\/\/depauwp.nodo10.informaxdns.es\/?page_id=7","title":{"rendered":"Cart"},"content":{"rendered":"\n<div data-block-name=\"woocommerce\/cart\" class=\"wp-block-woocommerce-cart alignwide is-loading\">\n<div data-block-name=\"woocommerce\/filled-cart-block\" class=\"wp-block-woocommerce-filled-cart-block\">\n<div data-block-name=\"woocommerce\/cart-items-block\" class=\"wp-block-woocommerce-cart-items-block\">\n<div data-block-name=\"woocommerce\/cart-line-items-block\" class=\"wp-block-woocommerce-cart-line-items-block\"><\/div>\n\n\n\n<div data-block-name=\"woocommerce\/cart-cross-sells-block\" class=\"wp-block-woocommerce-cart-cross-sells-block\">\n<h2 class=\"wp-block-heading has-large-font-size\">You may be interested in\u2026<\/h2>\n\n\n\n<div data-block-name=\"woocommerce\/cart-cross-sells-products-block\" class=\"wp-block-woocommerce-cart-cross-sells-products-block\"><\/div>\n<\/div>\n<\/div>\n\n\n\n<div data-block-name=\"woocommerce\/cart-totals-block\" class=\"wp-block-woocommerce-cart-totals-block\">\n<div data-block-name=\"woocommerce\/cart-order-summary-block\" class=\"wp-block-woocommerce-cart-order-summary-block\">\n<div data-block-name=\"woocommerce\/cart-order-summary-heading-block\" class=\"wp-block-woocommerce-cart-order-summary-heading-block\"><\/div><div data-block-name=\"woocommerce\/cart-order-summary-coupon-form-block\" class=\"wp-block-woocommerce-cart-order-summary-coupon-form-block\"><\/div><div data-block-name=\"woocommerce\/cart-order-summary-totals-block\" class=\"wp-block-woocommerce-cart-order-summary-totals-block\">\n<div data-block-name=\"woocommerce\/cart-order-summary-subtotal-block\" class=\"wp-block-woocommerce-cart-order-summary-subtotal-block\"><\/div>\n<div data-block-name=\"woocommerce\/cart-order-summary-discount-block\" class=\"wp-block-woocommerce-cart-order-summary-discount-block\"><\/div>\n<div data-block-name=\"woocommerce\/cart-order-summary-fee-block\" class=\"wp-block-woocommerce-cart-order-summary-fee-block\"><\/div>\n<div data-block-name=\"woocommerce\/cart-order-summary-shipping-block\" class=\"wp-block-woocommerce-cart-order-summary-shipping-block\"><\/div>\n<div data-block-name=\"woocommerce\/cart-order-summary-taxes-block\" class=\"wp-block-woocommerce-cart-order-summary-taxes-block\"><\/div><\/div>\n<\/div>\n\n\n\n<div data-block-name=\"woocommerce\/cart-express-payment-block\" class=\"wp-block-woocommerce-cart-express-payment-block\"><\/div>\n\n\n\n<div data-block-name=\"woocommerce\/proceed-to-checkout-block\" class=\"wp-block-woocommerce-proceed-to-checkout-block\"><\/div>\n\n\n\n<div data-block-name=\"woocommerce\/cart-accepted-payment-methods-block\" class=\"wp-block-woocommerce-cart-accepted-payment-methods-block\"><\/div>\n<\/div>\n<\/div>\n\n\n\n<div data-block-name=\"woocommerce\/empty-cart-block\" class=\"wp-block-woocommerce-empty-cart-block\">\n<h2 class=\"wp-block-heading has-text-align-center with-empty-cart-icon wc-block-cart__empty-cart__title\">Your cart is currently empty!<\/h2>\n\n\n\n<hr class=\"wp-block-separator has-alpha-channel-opacity is-style-dots\"\/>\n\n\n\n<h2 class=\"wp-block-heading has-text-align-center\">New in store<\/h2>\n\n\n<div data-block-name=\"woocommerce\/product-new\" data-columns=\"4\" data-rows=\"1\" class=\"wc-block-grid wp-block-product-new wp-block-woocommerce-product-new wc-block-product-new has-4-columns\"><ul class=\"wc-block-grid__products\"><li class=\"wc-block-grid__product\">\n\t\t\t\t<a href=\"https:\/\/depauwp.nodo10.informaxdns.es\/?product=mochila-vention-krob0-para-portatiles-hasta-15-6-19l-impermeable-negra\" class=\"wc-block-grid__product-link\">\n\t\t\t\t\t\n\t\t\t\t\t<div class=\"wc-block-grid__product-image\"><img loading=\"lazy\" decoding=\"async\" width=\"300\" height=\"300\" src=\"https:\/\/depauwp.nodo10.informaxdns.es\/wp-content\/uploads\/2025\/09\/art_ven-moc20krob0_1-300x300.jpg\" class=\"attachment-woocommerce_thumbnail size-woocommerce_thumbnail\" alt=\"Mochila vention krob0 para port\u00e1tiles hasta 15.6&#039;\/ 19l\/ impermeable\/ negra\" srcset=\"https:\/\/depauwp.nodo10.informaxdns.es\/wp-content\/uploads\/2025\/09\/art_ven-moc20krob0_1-300x300.jpg 300w, https:\/\/depauwp.nodo10.informaxdns.es\/wp-content\/uploads\/2025\/09\/art_ven-moc20krob0_1-150x150.jpg 150w, https:\/\/depauwp.nodo10.informaxdns.es\/wp-content\/uploads\/2025\/09\/art_ven-moc20krob0_1-768x768.jpg 768w, https:\/\/depauwp.nodo10.informaxdns.es\/wp-content\/uploads\/2025\/09\/art_ven-moc20krob0_1-600x600.jpg 600w, https:\/\/depauwp.nodo10.informaxdns.es\/wp-content\/uploads\/2025\/09\/art_ven-moc20krob0_1-100x100.jpg 100w, https:\/\/depauwp.nodo10.informaxdns.es\/wp-content\/uploads\/2025\/09\/art_ven-moc20krob0_1.jpg 800w\" sizes=\"auto, (max-width: 300px) 100vw, 300px\" \/><\/div>\n\t\t\t\t\t<div class=\"wc-block-grid__product-title\">Mochila vention krob0 para port\u00e1tiles hasta 15.6&#8217;\/ 19l\/ impermeable\/ negra<\/div>\n\t\t\t\t<\/a>\n\t\t\t\t<div class=\"wc-block-grid__product-price price\"><span class=\"woocommerce-Price-amount amount\"><span class=\"woocommerce-Price-currencySymbol\">&euro;<\/span>10.99<\/span><\/div>\n\t\t\t\t\n\t\t\t\t<div class=\"wp-block-button wc-block-grid__product-add-to-cart\"><a href=\"https:\/\/depauwp.nodo10.informaxdns.es\/?product=mochila-vention-krob0-para-portatiles-hasta-15-6-19l-impermeable-negra\" aria-label=\"Lee m\u00e1s sobre &ldquo;Mochila vention krob0 para port\u00e1tiles hasta 15.6&#039;\/ 19l\/ impermeable\/ negra&rdquo;\" data-quantity=\"1\" data-product_id=\"17115\" data-product_sku=\"VEN-MOC KROB0\" data-price=\"10.99\" rel=\"nofollow\" class=\"wp-block-button__link wp-element-button add_to_cart_button\">Leer m\u00e1s<\/a><\/div>\n\t\t\t<\/li><li class=\"wc-block-grid__product\">\n\t\t\t\t<a href=\"https:\/\/depauwp.nodo10.informaxdns.es\/?product=docking-usb-tipo-c-vention-todhb-1xhdmi-3xusb-1xusb-tipo-c-pd-gris\" class=\"wc-block-grid__product-link\">\n\t\t\t\t\t\n\t\t\t\t\t<div class=\"wc-block-grid__product-image\"><img loading=\"lazy\" decoding=\"async\" width=\"300\" height=\"300\" src=\"https:\/\/depauwp.nodo10.informaxdns.es\/wp-content\/uploads\/woocommerce-placeholder.webp\" class=\"woocommerce-placeholder wp-post-image\" alt=\"\" srcset=\"https:\/\/depauwp.nodo10.informaxdns.es\/wp-content\/uploads\/woocommerce-placeholder.webp 1200w, https:\/\/depauwp.nodo10.informaxdns.es\/wp-content\/uploads\/woocommerce-placeholder-300x300.webp 300w, https:\/\/depauwp.nodo10.informaxdns.es\/wp-content\/uploads\/woocommerce-placeholder-1024x1024.webp 1024w, https:\/\/depauwp.nodo10.informaxdns.es\/wp-content\/uploads\/woocommerce-placeholder-150x150.webp 150w, https:\/\/depauwp.nodo10.informaxdns.es\/wp-content\/uploads\/woocommerce-placeholder-768x768.webp 768w\" sizes=\"auto, (max-width: 300px) 100vw, 300px\" \/><\/div>\n\t\t\t\t\t<div class=\"wc-block-grid__product-title\">Docking usb tipo-c vention todhb\/ 1xhdmi\/ 3xusb\/ 1xusb tipo-c pd\/ gris<\/div>\n\t\t\t\t<\/a>\n\t\t\t\t<div class=\"wc-block-grid__product-price price\"><span class=\"woocommerce-Price-amount amount\"><span class=\"woocommerce-Price-currencySymbol\">&euro;<\/span>12.98<\/span><\/div>\n\t\t\t\t\n\t\t\t\t<div class=\"wp-block-button wc-block-grid__product-add-to-cart\"><a href=\"https:\/\/depauwp.nodo10.informaxdns.es\/?product=docking-usb-tipo-c-vention-todhb-1xhdmi-3xusb-1xusb-tipo-c-pd-gris\" aria-label=\"Lee m\u00e1s sobre &ldquo;Docking usb tipo-c vention todhb\/ 1xhdmi\/ 3xusb\/ 1xusb tipo-c pd\/ gris&rdquo;\" data-quantity=\"1\" data-product_id=\"17113\" data-product_sku=\"VEN-DOCK TODHB\" data-price=\"12.98\" rel=\"nofollow\" class=\"wp-block-button__link wp-element-button add_to_cart_button\">Leer m\u00e1s<\/a><\/div>\n\t\t\t<\/li><li class=\"wc-block-grid__product\">\n\t\t\t\t<a href=\"https:\/\/depauwp.nodo10.informaxdns.es\/?product=maletin-raton-trust-gaming-bologna-para-portatiles-hasta-16-verde\" class=\"wc-block-grid__product-link\">\n\t\t\t\t\t\n\t\t\t\t\t<div class=\"wc-block-grid__product-image\"><img loading=\"lazy\" decoding=\"async\" width=\"300\" height=\"300\" src=\"https:\/\/depauwp.nodo10.informaxdns.es\/wp-content\/uploads\/woocommerce-placeholder.webp\" class=\"woocommerce-placeholder wp-post-image\" alt=\"\" srcset=\"https:\/\/depauwp.nodo10.informaxdns.es\/wp-content\/uploads\/woocommerce-placeholder.webp 1200w, https:\/\/depauwp.nodo10.informaxdns.es\/wp-content\/uploads\/woocommerce-placeholder-300x300.webp 300w, https:\/\/depauwp.nodo10.informaxdns.es\/wp-content\/uploads\/woocommerce-placeholder-1024x1024.webp 1024w, https:\/\/depauwp.nodo10.informaxdns.es\/wp-content\/uploads\/woocommerce-placeholder-150x150.webp 150w, https:\/\/depauwp.nodo10.informaxdns.es\/wp-content\/uploads\/woocommerce-placeholder-768x768.webp 768w\" sizes=\"auto, (max-width: 300px) 100vw, 300px\" \/><\/div>\n\t\t\t\t\t<div class=\"wc-block-grid__product-title\">Malet\u00edn + rat\u00f3n trust gaming bologna para port\u00e1tiles hasta 16&#8217;\/ verde<\/div>\n\t\t\t\t<\/a>\n\t\t\t\t<div class=\"wc-block-grid__product-price price\"><span class=\"woocommerce-Price-amount amount\"><span class=\"woocommerce-Price-currencySymbol\">&euro;<\/span>23.11<\/span><\/div>\n\t\t\t\t\n\t\t\t\t<div class=\"wp-block-button wc-block-grid__product-add-to-cart\"><a href=\"https:\/\/depauwp.nodo10.informaxdns.es\/?product=maletin-raton-trust-gaming-bologna-para-portatiles-hasta-16-verde\" aria-label=\"Lee m\u00e1s sobre &ldquo;Malet\u00edn + rat\u00f3n trust gaming bologna para port\u00e1tiles hasta 16&#039;\/ verde&rdquo;\" data-quantity=\"1\" data-product_id=\"17111\" data-product_sku=\"TRU-PACK BOLOGNA GREE\" data-price=\"23.11\" rel=\"nofollow\" class=\"wp-block-button__link wp-element-button add_to_cart_button\">Leer m\u00e1s<\/a><\/div>\n\t\t\t<\/li><li class=\"wc-block-grid__product\">\n\t\t\t\t<a href=\"https:\/\/depauwp.nodo10.informaxdns.es\/?product=maletin-subblim-advance-laptop-sleeve-para-portatiles-hasta-14-gris\" class=\"wc-block-grid__product-link\">\n\t\t\t\t\t\n\t\t\t\t\t<div class=\"wc-block-grid__product-image\"><img loading=\"lazy\" decoding=\"async\" width=\"300\" height=\"300\" src=\"https:\/\/depauwp.nodo10.informaxdns.es\/wp-content\/uploads\/woocommerce-placeholder.webp\" class=\"woocommerce-placeholder wp-post-image\" alt=\"\" srcset=\"https:\/\/depauwp.nodo10.informaxdns.es\/wp-content\/uploads\/woocommerce-placeholder.webp 1200w, https:\/\/depauwp.nodo10.informaxdns.es\/wp-content\/uploads\/woocommerce-placeholder-300x300.webp 300w, https:\/\/depauwp.nodo10.informaxdns.es\/wp-content\/uploads\/woocommerce-placeholder-1024x1024.webp 1024w, https:\/\/depauwp.nodo10.informaxdns.es\/wp-content\/uploads\/woocommerce-placeholder-150x150.webp 150w, https:\/\/depauwp.nodo10.informaxdns.es\/wp-content\/uploads\/woocommerce-placeholder-768x768.webp 768w\" sizes=\"auto, (max-width: 300px) 100vw, 300px\" \/><\/div>\n\t\t\t\t\t<div class=\"wc-block-grid__product-title\">Malet\u00edn subblim advance laptop sleeve para port\u00e1tiles hasta 14&#8217;\/ gris<\/div>\n\t\t\t\t<\/a>\n\t\t\t\t<div class=\"wc-block-grid__product-price price\"><span class=\"woocommerce-Price-amount amount\"><span class=\"woocommerce-Price-currencySymbol\">&euro;<\/span>11.80<\/span><\/div>\n\t\t\t\t\n\t\t\t\t<div class=\"wp-block-button wc-block-grid__product-add-to-cart\"><a href=\"https:\/\/depauwp.nodo10.informaxdns.es\/?product=maletin-subblim-advance-laptop-sleeve-para-portatiles-hasta-14-gris\" aria-label=\"Lee m\u00e1s sobre &ldquo;Malet\u00edn subblim advance laptop sleeve para port\u00e1tiles hasta 14&#039;\/ gris&rdquo;\" data-quantity=\"1\" data-product_id=\"17109\" data-product_sku=\"SUB-MAL LS-2AS0001\" data-price=\"11.8\" rel=\"nofollow\" class=\"wp-block-button__link wp-element-button add_to_cart_button\">Leer m\u00e1s<\/a><\/div>\n\t\t\t<\/li><\/ul><\/div><\/div>\n<\/div>\n","protected":false},"excerpt":{"rendered":"","protected":false},"author":1,"featured_media":0,"parent":0,"menu_order":0,"comment_status":"closed","ping_status":"closed","template":"","meta":{"footnotes":""},"class_list":["post-7","page","type-page","status-publish","hentry"],"_links":{"self":[{"href":"https:\/\/depauwp.nodo10.informaxdns.es\/index.php?rest_route=\/wp\/v2\/pages\/7","targetHints":{"allow":["GET"]}}],"collection":[{"href":"https:\/\/depauwp.nodo10.informaxdns.es\/index.php?rest_route=\/wp\/v2\/pages"}],"about":[{"href":"https:\/\/depauwp.nodo10.informaxdns.es\/index.php?rest_route=\/wp\/v2\/types\/page"}],"author":[{"embeddable":true,"href":"https:\/\/depauwp.nodo10.informaxdns.es\/index.php?rest_route=\/wp\/v2\/users\/1"}],"replies":[{"embeddable":true,"href":"https:\/\/depauwp.nodo10.informaxdns.es\/index.php?rest_route=%2Fwp%2Fv2%2Fcomments&post=7"}],"version-history":[{"count":0,"href":"https:\/\/depauwp.nodo10.informaxdns.es\/index.php?rest_route=\/wp\/v2\/pages\/7\/revisions"}],"wp:attachment":[{"href":"https:\/\/depauwp.nodo10.informaxdns.es\/index.php?rest_route=%2Fwp%2Fv2%2Fmedia&parent=7"}],"curies":[{"name":"wp","href":"https:\/\/api.w.org\/{rel}","templated":true}]}}